{"id":4824,"date":"2025-04-28T10:56:51","date_gmt":"2025-04-28T07:56:51","guid":{"rendered":"https:\/\/retiva.lt\/?page_id=4824"},"modified":"2025-04-28T11:49:34","modified_gmt":"2025-04-28T08:49:34","slug":"apple-iphone-dovana","status":"publish","type":"page","link":"https:\/\/retiva.lt\/en\/apple-iphone-dovana\/","title":{"rendered":"Apple iPhone \u2013 a gift!"},"content":{"rendered":"","protected":false},"excerpt":{"rendered":"","protected":false},"author":4,"featured_media":0,"parent":0,"menu_order":8,"comment_status":"closed","ping_status":"closed","template":"page-apple-iphone.php","meta":{"_acf_changed":false,"footnotes":""},"class_list":["post-4824","page","type-page","status-publish","hentry"],"acf":[],"yoast_head":"<!-- This site is optimized with the Yoast SEO plugin v27.3 - https:\/\/yoast.com\/product\/yoast-seo-wordpress\/ -->\n<title>Apple iPhone - dovana! - Retiva<\/title>\n<meta name=\"description\" content=\"Gauk apple iPhone dovan\u0105! Darbuotojams, nepraleidusiems darbo dien\u0173 per 3 m\u0117n. dovanojame nauj\u0105 iPhone, kuris lieka net ir palikus darb\u0105.\" \/>\n<meta name=\"robots\" content=\"index, follow, max-snippet:-1, max-image-preview:large, max-video-preview:-1\" \/>\n<link rel=\"canonical\" href=\"https:\/\/retiva.lt\/en\/apple-iphone-dovana\/\" \/>\n<meta property=\"og:locale\" content=\"en_GB\" \/>\n<meta property=\"og:type\" content=\"article\" \/>\n<meta property=\"og:title\" content=\"Apple iPhone - dovana! - Retiva\" \/>\n<meta property=\"og:description\" content=\"Gauk apple iPhone dovan\u0105! Darbuotojams, nepraleidusiems darbo dien\u0173 per 3 m\u0117n. dovanojame nauj\u0105 iPhone, kuris lieka net ir palikus darb\u0105.\" \/>\n<meta property=\"og:url\" content=\"https:\/\/retiva.lt\/en\/apple-iphone-dovana\/\" \/>\n<meta property=\"og:site_name\" content=\"Retiva\" \/>\n<meta property=\"article:publisher\" content=\"https:\/\/www.facebook.com\/retiva\" \/>\n<meta property=\"article:modified_time\" content=\"2025-04-28T08:49:34+00:00\" \/>\n<meta name=\"twitter:card\" content=\"summary_large_image\" \/>\n<script type=\"application\/ld+json\" class=\"yoast-schema-graph\">{\"@context\":\"https:\\\/\\\/schema.org\",\"@graph\":[{\"@type\":\"WebPage\",\"@id\":\"https:\\\/\\\/retiva.lt\\\/apple-iphone-dovana\\\/\",\"url\":\"https:\\\/\\\/retiva.lt\\\/apple-iphone-dovana\\\/\",\"name\":\"Apple iPhone - dovana! - Retiva\",\"isPartOf\":{\"@id\":\"https:\\\/\\\/retiva.lt\\\/#website\"},\"datePublished\":\"2025-04-28T07:56:51+00:00\",\"dateModified\":\"2025-04-28T08:49:34+00:00\",\"description\":\"Gauk apple iPhone dovan\u0105! Darbuotojams, nepraleidusiems darbo dien\u0173 per 3 m\u0117n. dovanojame nauj\u0105 iPhone, kuris lieka net ir palikus darb\u0105.\",\"inLanguage\":\"en-GB\",\"potentialAction\":[{\"@type\":\"ReadAction\",\"target\":[\"https:\\\/\\\/retiva.lt\\\/apple-iphone-dovana\\\/\"]}]},{\"@type\":\"WebSite\",\"@id\":\"https:\\\/\\\/retiva.lt\\\/#website\",\"url\":\"https:\\\/\\\/retiva.lt\\\/\",\"name\":\"Retiva\",\"description\":\"\u012edarbinimo ir darbuotoj\u0173 nuomos agent\u016bra\",\"publisher\":{\"@id\":\"https:\\\/\\\/retiva.lt\\\/#organization\"},\"potentialAction\":[{\"@type\":\"SearchAction\",\"target\":{\"@type\":\"EntryPoint\",\"urlTemplate\":\"https:\\\/\\\/retiva.lt\\\/?s={search_term_string}\"},\"query-input\":{\"@type\":\"PropertyValueSpecification\",\"valueRequired\":true,\"valueName\":\"search_term_string\"}}],\"inLanguage\":\"en-GB\"},{\"@type\":\"Organization\",\"@id\":\"https:\\\/\\\/retiva.lt\\\/#organization\",\"name\":\"Retiva\",\"url\":\"https:\\\/\\\/retiva.lt\\\/\",\"logo\":{\"@type\":\"ImageObject\",\"inLanguage\":\"en-GB\",\"@id\":\"https:\\\/\\\/retiva.lt\\\/#\\\/schema\\\/logo\\\/image\\\/\",\"url\":\"https:\\\/\\\/retiva.lt\\\/wp-content\\\/uploads\\\/2023\\\/06\\\/retiva-logo-700x700-1.png\",\"contentUrl\":\"https:\\\/\\\/retiva.lt\\\/wp-content\\\/uploads\\\/2023\\\/06\\\/retiva-logo-700x700-1.png\",\"width\":700,\"height\":700,\"caption\":\"Retiva\"},\"image\":{\"@id\":\"https:\\\/\\\/retiva.lt\\\/#\\\/schema\\\/logo\\\/image\\\/\"},\"sameAs\":[\"https:\\\/\\\/www.facebook.com\\\/retiva\",\"https:\\\/\\\/www.instagram.com\\\/retiva.lt\",\"https:\\\/\\\/www.linkedin.com\\\/company\\\/retiva1\\\/\"]}]}<\/script>\n<!-- \/ Yoast SEO plugin. -->","yoast_head_json":{"title":"Apple iPhone - dovana! - Retiva","description":"Gauk apple iPhone dovan\u0105! Darbuotojams, nepraleidusiems darbo dien\u0173 per 3 m\u0117n. dovanojame nauj\u0105 iPhone, kuris lieka net ir palikus darb\u0105.","robots":{"index":"index","follow":"follow","max-snippet":"max-snippet:-1","max-image-preview":"max-image-preview:large","max-video-preview":"max-video-preview:-1"},"canonical":"https:\/\/retiva.lt\/en\/apple-iphone-dovana\/","og_locale":"en_GB","og_type":"article","og_title":"Apple iPhone - dovana! - Retiva","og_description":"Gauk apple iPhone dovan\u0105! Darbuotojams, nepraleidusiems darbo dien\u0173 per 3 m\u0117n. dovanojame nauj\u0105 iPhone, kuris lieka net ir palikus darb\u0105.","og_url":"https:\/\/retiva.lt\/en\/apple-iphone-dovana\/","og_site_name":"Retiva","article_publisher":"https:\/\/www.facebook.com\/retiva","article_modified_time":"2025-04-28T08:49:34+00:00","twitter_card":"summary_large_image","schema":{"@context":"https:\/\/schema.org","@graph":[{"@type":"WebPage","@id":"https:\/\/retiva.lt\/apple-iphone-dovana\/","url":"https:\/\/retiva.lt\/apple-iphone-dovana\/","name":"Apple iPhone - dovana! - Retiva","isPartOf":{"@id":"https:\/\/retiva.lt\/#website"},"datePublished":"2025-04-28T07:56:51+00:00","dateModified":"2025-04-28T08:49:34+00:00","description":"Gauk apple iPhone dovan\u0105! Darbuotojams, nepraleidusiems darbo dien\u0173 per 3 m\u0117n. dovanojame nauj\u0105 iPhone, kuris lieka net ir palikus darb\u0105.","inLanguage":"en-GB","potentialAction":[{"@type":"ReadAction","target":["https:\/\/retiva.lt\/apple-iphone-dovana\/"]}]},{"@type":"WebSite","@id":"https:\/\/retiva.lt\/#website","url":"https:\/\/retiva.lt\/","name":"Retiva","description":"Recruitment and hiring agency","publisher":{"@id":"https:\/\/retiva.lt\/#organization"},"potentialAction":[{"@type":"SearchAction","target":{"@type":"EntryPoint","urlTemplate":"https:\/\/retiva.lt\/?s={search_term_string}"},"query-input":{"@type":"PropertyValueSpecification","valueRequired":true,"valueName":"search_term_string"}}],"inLanguage":"en-GB"},{"@type":"Organization","@id":"https:\/\/retiva.lt\/#organization","name":"Retiva","url":"https:\/\/retiva.lt\/","logo":{"@type":"ImageObject","inLanguage":"en-GB","@id":"https:\/\/retiva.lt\/#\/schema\/logo\/image\/","url":"https:\/\/retiva.lt\/wp-content\/uploads\/2023\/06\/retiva-logo-700x700-1.png","contentUrl":"https:\/\/retiva.lt\/wp-content\/uploads\/2023\/06\/retiva-logo-700x700-1.png","width":700,"height":700,"caption":"Retiva"},"image":{"@id":"https:\/\/retiva.lt\/#\/schema\/logo\/image\/"},"sameAs":["https:\/\/www.facebook.com\/retiva","https:\/\/www.instagram.com\/retiva.lt","https:\/\/www.linkedin.com\/company\/retiva1\/"]}]}},"_links":{"self":[{"href":"https:\/\/retiva.lt\/en\/wp-json\/wp\/v2\/pages\/4824","targetHints":{"allow":["GET"]}}],"collection":[{"href":"https:\/\/retiva.lt\/en\/wp-json\/wp\/v2\/pages"}],"about":[{"href":"https:\/\/retiva.lt\/en\/wp-json\/wp\/v2\/types\/page"}],"author":[{"embeddable":true,"href":"https:\/\/retiva.lt\/en\/wp-json\/wp\/v2\/users\/4"}],"replies":[{"embeddable":true,"href":"https:\/\/retiva.lt\/en\/wp-json\/wp\/v2\/comments?post=4824"}],"version-history":[{"count":0,"href":"https:\/\/retiva.lt\/en\/wp-json\/wp\/v2\/pages\/4824\/revisions"}],"wp:attachment":[{"href":"https:\/\/retiva.lt\/en\/wp-json\/wp\/v2\/media?parent=4824"}],"curies":[{"name":"wp","href":"https:\/\/api.w.org\/{rel}","templated":true}]}}